{"id":1524,"date":"2021-11-14T17:29:45","date_gmt":"2021-11-14T16:29:45","guid":{"rendered":"http:\/\/rws.chocconcept.com\/?page_id=1524"},"modified":"2023-02-01T15:27:15","modified_gmt":"2023-02-01T14:27:15","slug":"engagement","status":"publish","type":"page","link":"https:\/\/chocconcept.com\/en\/unternehmen\/engagement\/","title":{"rendered":"Commitment"},"content":{"rendered":"<p><div class=\"fusion-fullwidth fullwidth-box fusion-builder-row-1 fusion-flex-container fusion-parallax-none nonhundred-percent-fullwidth non-hundred-percent-height-scrolling\" style=\"--awb-border-sizes-bottom:45px;--awb-border-color:#ffffff;--awb-border-radius-top-left:0px;--awb-border-radius-top-right:0px;--awb-border-radius-bottom-right:0px;--awb-border-radius-bottom-left:0px;--awb-background-image:url(&quot;https:\/\/chocconcept.com\/wp-content\/uploads\/2022\/02\/Engagement-Header-2.jpg&quot;);--awb-background-size:cover;--awb-flex-wrap:wrap;\" ><div class=\"fusion-builder-row fusion-row fusion-flex-align-items-flex-start fusion-flex-content-wrap\" style=\"max-width:1185.6px;margin-left: calc(-4% \/ 2 );margin-right: calc(-4% \/ 2 );\"><div class=\"fusion-layout-column fusion_builder_column fusion-builder-column-0 fusion_builder_column_1_1 1_1 fusion-flex-column\" style=\"--awb-bg-size:cover;--awb-width-large:100%;--awb-margin-top-large:0px;--awb-spacing-right-large:1.92%;--awb-margin-bottom-large:0px;--awb-spacing-left-large:1.92%;--awb-width-medium:100%;--awb-order-medium:0;--awb-spacing-right-medium:1.92%;--awb-spacing-left-medium:1.92%;--awb-width-small:100%;--awb-order-small:0;--awb-spacing-right-small:1.92%;--awb-spacing-left-small:1.92%;\"><div class=\"fusion-column-wrapper fusion-column-has-shadow fusion-flex-justify-content-flex-start fusion-content-layout-column\"><div class=\"fusion-separator fusion-full-width-sep\" style=\"align-self: center;margin-left: auto;margin-right: auto;margin-top:80px;width:100%;\"><\/div><div class=\"fusion-title title fusion-title-1 fusion-sep-none fusion-title-center fusion-title-text fusion-title-size-one\" style=\"--awb-text-color:#ffffff;--awb-margin-top-small:0px;--awb-margin-right-small:0px;--awb-margin-bottom-small:20px;--awb-margin-left-small:0px;\"><h1 class=\"fusion-title-heading title-heading-center fusion-responsive-typography-calculated\" style=\"margin:0;--fontSize:80;line-height:1.4;\">Corporate responsibility<\/h1><\/div><div class=\"fusion-title title fusion-title-2 fusion-sep-none fusion-title-center fusion-title-text fusion-title-size-two\" style=\"--awb-text-color:#ffffff;--awb-margin-top-small:0px;--awb-margin-right-small:0px;--awb-margin-bottom-small:20px;--awb-margin-left-small:0px;\"><h2 class=\"fusion-title-heading title-heading-center fusion-responsive-typography-calculated\" style=\"margin:0;--fontSize:40;line-height:1.5;\">Our commitment<\/h2><\/div><div class=\"fusion-separator fusion-full-width-sep\" style=\"align-self: center;margin-left: auto;margin-right: auto;margin-bottom:40px;width:100%;\"><\/div><\/div><\/div><\/div><\/div><div class=\"fusion-fullwidth fullwidth-box fusion-builder-row-2 fusion-flex-container fusion-parallax-none nonhundred-percent-fullwidth non-hundred-percent-height-scrolling\" style=\"--awb-border-sizes-bottom:45px;--awb-border-color:#ffffff;--awb-border-radius-top-left:0px;--awb-border-radius-top-right:0px;--awb-border-radius-bottom-right:0px;--awb-border-radius-bottom-left:0px;--awb-min-height:800px;--awb-background-color:#ffffff;--awb-background-image:url(&quot;https:\/\/chocconcept.com\/wp-content\/uploads\/2021\/11\/Engagement-1-2.jpg&quot;);--awb-background-size:cover;--awb-flex-wrap:wrap;\" ><div class=\"fusion-builder-row fusion-row fusion-flex-align-items-flex-start fusion-flex-align-content-flex-start fusion-flex-content-wrap\" style=\"max-width:1185.6px;margin-left: calc(-4% \/ 2 );margin-right: calc(-4% \/ 2 );\"><div class=\"fusion-layout-column fusion_builder_column fusion-builder-column-1 fusion_builder_column_1_3 1_3 fusion-flex-column\" style=\"--awb-bg-size:cover;--awb-width-large:33.333333333333%;--awb-margin-top-large:0px;--awb-spacing-right-large:5.76%;--awb-margin-bottom-large:0px;--awb-spacing-left-large:5.76%;--awb-width-medium:100%;--awb-order-medium:0;--awb-spacing-right-medium:1.92%;--awb-spacing-left-medium:1.92%;--awb-width-small:100%;--awb-order-small:0;--awb-spacing-right-small:1.92%;--awb-spacing-left-small:1.92%;\"><div class=\"fusion-column-wrapper fusion-column-has-shadow fusion-flex-justify-content-flex-start fusion-content-layout-column\"><\/div><\/div><div class=\"fusion-layout-column fusion_builder_column fusion-builder-column-2 fusion_builder_column_2_3 2_3 fusion-flex-column\" style=\"--awb-bg-color:#ffffff;--awb-bg-color-hover:#ffffff;--awb-bg-size:cover;--awb-width-large:66.666666666667%;--awb-margin-top-large:0px;--awb-spacing-right-large:2.88%;--awb-margin-bottom-large:0px;--awb-spacing-left-large:2.88%;--awb-width-medium:100%;--awb-order-medium:0;--awb-spacing-right-medium:1.92%;--awb-spacing-left-medium:1.92%;--awb-width-small:100%;--awb-order-small:0;--awb-spacing-right-small:1.92%;--awb-spacing-left-small:1.92%;\"><div class=\"fusion-column-wrapper fusion-column-has-shadow fusion-flex-justify-content-flex-start fusion-content-layout-column\"><div class=\"fusion-title title fusion-title-3 fusion-sep-none fusion-title-center fusion-title-text fusion-title-size-three\" style=\"--awb-margin-top-small:0px;--awb-margin-right-small:0px;--awb-margin-bottom-small:20px;--awb-margin-left-small:0px;\"><h3 class=\"fusion-title-heading title-heading-center fusion-responsive-typography-calculated\" style=\"margin:0;--fontSize:34;line-height:1.5;\">Ethics and sustainablity<\/h3><\/div><div class=\"fusion-text fusion-text-1\" style=\"--awb-content-alignment:justify;--awb-text-transform:none;\"><p>We respect human rights and employment law and our business practices are based on integrity, honesty and fair play. It goes without saying, that we rigorously adhere to all statutory rules and regulations. In our company, the principle of fair and equal treatment of individuals applies with zero tolerance for any form of discrimination. In addition, we are also strongly opposed to any form of corruption. Our mission statement is sustainabilty and our business and economic practices are based on the three pillars on which it is composed: economic, social and environmental, with each area receiving equal attention. Economic success, forward-looking environmental protection and a commitment to social issues are the key factors for responsible economic activities.\nFor us it is essential that the production of goods or raw materials takes into account recognised social and environmental standards. We and our suppliers\/producers adhere to the code of conduct laid down by the Business Social Compliance Initiative (BSCI) and\/or any other similar behavioural codes of conduct.<\/p>\n<\/div><div class=\"fusion-separator fusion-full-width-sep\" style=\"align-self: center;margin-left: auto;margin-right: auto;margin-top:20px;width:100%;\"><\/div><div class=\"fusion-image-element\" style=\"text-align:center;--awb-max-width:160px;--awb-caption-title-font-family:var(--h2_typography-font-family);--awb-caption-title-font-weight:var(--h2_typography-font-weight);--awb-caption-title-font-style:var(--h2_typography-font-style);--awb-caption-title-size:var(--h2_typography-font-size);--awb-caption-title-transform:var(--h2_typography-text-transform);--awb-caption-title-line-height:var(--h2_typography-line-height);--awb-caption-title-letter-spacing:var(--h2_typography-letter-spacing);\"><span class=\"fusion-imageframe imageframe-none imageframe-1 hover-type-none\"><a class=\"fusion-no-lightbox\" href=\"https:\/\/ein-laecheln-fuer-ghana.de\/\" target=\"_blank\" aria-label=\"Logo-ein-L\u00e4cheln-f\u00fcr-Ghana\" rel=\"noopener noreferrer\"><img decoding=\"async\" width=\"620\" height=\"450\" alt=\"Ein L\u00e4cheln f\u00fcr Ghana\" src=\"https:\/\/chocconcept.com\/wp-content\/uploads\/2022\/11\/Logo-ein-Laecheln-fuer-Ghana.jpg\" class=\"img-responsive wp-image-3564\" srcset=\"https:\/\/chocconcept.com\/wp-content\/uploads\/2022\/11\/Logo-ein-Laecheln-fuer-Ghana-200x145.jpg 200w, https:\/\/chocconcept.com\/wp-content\/uploads\/2022\/11\/Logo-ein-Laecheln-fuer-Ghana-400x290.jpg 400w, https:\/\/chocconcept.com\/wp-content\/uploads\/2022\/11\/Logo-ein-Laecheln-fuer-Ghana-600x435.jpg 600w, https:\/\/chocconcept.com\/wp-content\/uploads\/2022\/11\/Logo-ein-Laecheln-fuer-Ghana.jpg 620w\" sizes=\"(max-width: 1024px) 100vw, (max-width: 640px) 100vw, 620px\" \/><\/a><\/span><\/div><div class=\"fusion-title title fusion-title-4 fusion-sep-none fusion-title-center fusion-title-text fusion-title-size-three\" style=\"--awb-margin-top-small:0px;--awb-margin-right-small:0px;--awb-margin-bottom-small:20px;--awb-margin-left-small:0px;\"><h3 class=\"fusion-title-heading title-heading-center fusion-responsive-typography-calculated\" style=\"margin:0;--fontSize:34;line-height:1.5;\">A Smile for Ghana e.V.<\/h3><\/div><div class=\"fusion-text fusion-text-2\" style=\"--awb-content-alignment:justify;--awb-text-transform:none;\"><p>Ethics and social responsibility are matters which are close to our hearts and are priorities which are well-established in our organisation\u2019s culture. Consequently, we wanted to further commit ourselves\nand have therefore become sponsors and\nmember of the association \u201ea smile for Ghana\u201c. Ghana is one of the main producers of cocoa and our sponsorship allows 10 children to attend the \u201ePeace and Love International school\u201c in Kumasi, Ghana.<\/p>\n<p><a title=\"Besuchen Sie die Webseite von Ein L\u00e4cheln in Ghana ...\" href=\"https:\/\/www.ein-laecheln-fuer-ghana.de\/\" target=\"_blank\" rel=\"noopener\">www.ein-laecheln-fuer-ghana.de<\/a><\/p>\n<\/div><div class=\"fusion-separator fusion-full-width-sep\" style=\"align-self: center;margin-left: auto;margin-right: auto;margin-top:40px;width:100%;\"><\/div><div class=\"fusion-builder-row fusion-builder-row-inner fusion-row fusion-flex-align-items-flex-start fusion-flex-align-content-flex-start fusion-flex-content-wrap\" style=\"--awb-flex-grow:0;--awb-flex-grow-medium:0;--awb-flex-grow-small:0;--awb-flex-shrink:0;--awb-flex-shrink-medium:0;--awb-flex-shrink-small:0;width:104% !important;max-width:104% !important;margin-left: calc(-4% \/ 2 );margin-right: calc(-4% \/ 2 );\"><div class=\"fusion-layout-column fusion_builder_column_inner fusion-builder-nested-column-0 fusion_builder_column_inner_1_3 1_3 fusion-flex-column\" style=\"--awb-bg-size:cover;--awb-width-large:33.333333333333%;--awb-margin-top-large:0px;--awb-spacing-right-large:0px;--awb-margin-bottom-large:0px;--awb-spacing-left-large:0px;--awb-width-medium:100%;--awb-order-medium:0;--awb-spacing-right-medium:1.92%;--awb-spacing-left-medium:1.92%;--awb-width-small:100%;--awb-order-small:0;--awb-spacing-right-small:1.92%;--awb-spacing-left-small:1.92%;\"><div class=\"fusion-column-wrapper fusion-column-has-shadow fusion-flex-justify-content-flex-start fusion-content-layout-column\"><div class=\"fusion-image-element\" style=\"text-align:right;--awb-caption-title-font-family:var(--h2_typography-font-family);--awb-caption-title-font-weight:var(--h2_typography-font-weight);--awb-caption-title-font-style:var(--h2_typography-font-style);--awb-caption-title-size:var(--h2_typography-font-size);--awb-caption-title-transform:var(--h2_typography-text-transform);--awb-caption-title-line-height:var(--h2_typography-line-height);--awb-caption-title-letter-spacing:var(--h2_typography-letter-spacing);\"><span class=\"fusion-imageframe imageframe-none imageframe-2 hover-type-none\"><a class=\"fusion-no-lightbox\" href=\"https:\/\/www.ein-laecheln-fuer-ghana.de\/\" target=\"_self\" aria-label=\"Ein L\u00e4cheln f\u00fcr Ghana: QR-Code\"><img decoding=\"async\" width=\"200\" height=\"200\" alt=\"Ein L\u00e4cheln f\u00fcr Ghana\" src=\"https:\/\/chocconcept.com\/wp-content\/uploads\/2023\/02\/Ein-Laecheln-fuer-Ghana_QR-Code.png\" class=\"img-responsive wp-image-3736\" srcset=\"https:\/\/chocconcept.com\/wp-content\/uploads\/2023\/02\/Ein-Laecheln-fuer-Ghana_QR-Code-12x12.png 12w, https:\/\/chocconcept.com\/wp-content\/uploads\/2023\/02\/Ein-Laecheln-fuer-Ghana_QR-Code-66x66.png 66w, https:\/\/chocconcept.com\/wp-content\/uploads\/2023\/02\/Ein-Laecheln-fuer-Ghana_QR-Code-150x150.png 150w, https:\/\/chocconcept.com\/wp-content\/uploads\/2023\/02\/Ein-Laecheln-fuer-Ghana_QR-Code.png 200w\" sizes=\"(max-width: 200px) 100vw, 200px\" \/><\/a><\/span><\/div><\/div><\/div><div class=\"fusion-layout-column fusion_builder_column_inner fusion-builder-nested-column-1 fusion_builder_column_inner_2_3 2_3 fusion-flex-column\" style=\"--awb-bg-size:cover;--awb-width-large:66.666666666667%;--awb-margin-top-large:0px;--awb-spacing-right-large:2.88%;--awb-margin-bottom-large:0px;--awb-spacing-left-large:2.88%;--awb-width-medium:100%;--awb-order-medium:0;--awb-spacing-right-medium:1.92%;--awb-spacing-left-medium:1.92%;--awb-width-small:100%;--awb-order-small:0;--awb-spacing-right-small:1.92%;--awb-spacing-left-small:1.92%;\"><div class=\"fusion-column-wrapper fusion-column-has-shadow fusion-flex-justify-content-flex-start fusion-content-layout-column\"><div class=\"fusion-title title fusion-title-5 fusion-sep-none fusion-title-text fusion-title-size-five\" style=\"--awb-margin-bottom:0px;--awb-margin-top-small:0px;--awb-margin-right-small:0px;--awb-margin-bottom-small:20px;--awb-margin-left-small:0px;\"><h5 class=\"fusion-title-heading title-heading-left fusion-responsive-typography-calculated\" style=\"margin:0;--fontSize:25.6;line-height:1.5;\">Scan and donate now<\/h5><\/div><div class=\"fusion-text fusion-text-3\" style=\"--awb-text-transform:none;--awb-margin-top:0px;\"><p>To do this, open the camera on your smartphone, hold the screen over the code, click on the link. You will be automatically redirected to the website.<\/p>\n<\/div><\/div><\/div><\/div><\/div><\/div><\/div><\/div><div class=\"fusion-fullwidth fullwidth-box fusion-builder-row-3 fusion-flex-container fusion-parallax-none nonhundred-percent-fullwidth non-hundred-percent-height-scrolling\" style=\"--awb-border-radius-top-left:0px;--awb-border-radius-top-right:0px;--awb-border-radius-bottom-right:0px;--awb-border-radius-bottom-left:0px;--awb-min-height:450px;--awb-background-color:#ffffff;--awb-background-image:url(&quot;https:\/\/chocconcept.com\/wp-content\/uploads\/2021\/11\/Engagement-2.jpg&quot;);--awb-background-size:cover;--awb-flex-wrap:wrap;\" ><div class=\"fusion-builder-row fusion-row fusion-flex-align-items-flex-start fusion-flex-align-content-flex-start fusion-flex-content-wrap\" style=\"max-width:1185.6px;margin-left: calc(-4% \/ 2 );margin-right: calc(-4% \/ 2 );\"><div class=\"fusion-layout-column fusion_builder_column fusion-builder-column-3 fusion_builder_column_1_3 1_3 fusion-flex-column\" style=\"--awb-bg-size:cover;--awb-width-large:33.333333333333%;--awb-margin-top-large:0px;--awb-spacing-right-large:5.76%;--awb-margin-bottom-large:0px;--awb-spacing-left-large:5.76%;--awb-width-medium:100%;--awb-order-medium:0;--awb-spacing-right-medium:1.92%;--awb-spacing-left-medium:1.92%;--awb-width-small:100%;--awb-order-small:0;--awb-spacing-right-small:1.92%;--awb-spacing-left-small:1.92%;\"><div class=\"fusion-column-wrapper fusion-column-has-shadow fusion-flex-justify-content-flex-start fusion-content-layout-column\"><\/div><\/div><div class=\"fusion-layout-column fusion_builder_column fusion-builder-column-4 fusion_builder_column_2_3 2_3 fusion-flex-column\" style=\"--awb-bg-size:cover;--awb-width-large:66.666666666667%;--awb-margin-top-large:0px;--awb-spacing-right-large:2.88%;--awb-margin-bottom-large:0px;--awb-spacing-left-large:2.88%;--awb-width-medium:100%;--awb-order-medium:0;--awb-spacing-right-medium:1.92%;--awb-spacing-left-medium:1.92%;--awb-width-small:100%;--awb-order-small:0;--awb-spacing-right-small:1.92%;--awb-spacing-left-small:1.92%;\"><div class=\"fusion-column-wrapper fusion-column-has-shadow fusion-flex-justify-content-flex-start fusion-content-layout-column\"><\/div><\/div><\/div><\/div><\/p>","protected":false},"excerpt":{"rendered":"","protected":false},"author":1,"featured_media":0,"parent":1481,"menu_order":0,"comment_status":"closed","ping_status":"closed","template":"100-width.php","meta":{"footnotes":""},"class_list":["post-1524","page","type-page","status-publish","hentry"],"yoast_head":"<!-- This site is optimized with the Yoast SEO plugin v27.1.1 - https:\/\/yoast.com\/product\/yoast-seo-wordpress\/ -->\n<title>Engagement | ChocConcept S\u00fc\u00dfwarendecor<\/title>\n<meta name=\"description\" content=\"Engagement: Wir achten die Menschen- und Arbeitsrechte. Unsere Gesch\u00e4ftspraktiken beruhen auf Integrit\u00e4t, Ehrlichkeit und fairem Verhalten.\" \/>\n<meta name=\"robots\" content=\"index, follow, max-snippet:-1, max-image-preview:large, max-video-preview:-1\" \/>\n<link rel=\"canonical\" href=\"https:\/\/chocconcept.com\/en\/unternehmen\/engagement\/\" \/>\n<meta property=\"og:locale\" content=\"en_GB\" \/>\n<meta property=\"og:type\" content=\"article\" \/>\n<meta property=\"og:title\" content=\"Engagement | ChocConcept S\u00fc\u00dfwarendecor\" \/>\n<meta property=\"og:description\" content=\"Engagement: Wir achten die Menschen- und Arbeitsrechte. Unsere Gesch\u00e4ftspraktiken beruhen auf Integrit\u00e4t, Ehrlichkeit und fairem Verhalten.\" \/>\n<meta property=\"og:url\" content=\"https:\/\/chocconcept.com\/en\/unternehmen\/engagement\/\" \/>\n<meta property=\"og:site_name\" content=\"ChocConcept S\u00fc\u00dfwarendecor\" \/>\n<meta property=\"article:modified_time\" content=\"2023-02-01T14:27:15+00:00\" \/>\n<meta name=\"twitter:card\" content=\"summary_large_image\" \/>\n<meta name=\"twitter:label1\" content=\"Estimated reading time\" \/>\n\t<meta name=\"twitter:data1\" content=\"12 minutes\" \/>\n<script type=\"application\/ld+json\" class=\"yoast-schema-graph\">{\"@context\":\"https:\/\/schema.org\",\"@graph\":[{\"@type\":\"WebPage\",\"@id\":\"https:\/\/chocconcept.com\/unternehmen\/engagement\/\",\"url\":\"https:\/\/chocconcept.com\/unternehmen\/engagement\/\",\"name\":\"Engagement | ChocConcept S\u00fc\u00dfwarendecor\",\"isPartOf\":{\"@id\":\"https:\/\/chocconcept.com\/#website\"},\"datePublished\":\"2021-11-14T16:29:45+00:00\",\"dateModified\":\"2023-02-01T14:27:15+00:00\",\"description\":\"Engagement: Wir achten die Menschen- und Arbeitsrechte. Unsere Gesch\u00e4ftspraktiken beruhen auf Integrit\u00e4t, Ehrlichkeit und fairem Verhalten.\",\"breadcrumb\":{\"@id\":\"https:\/\/chocconcept.com\/unternehmen\/engagement\/#breadcrumb\"},\"inLanguage\":\"en-GB\",\"potentialAction\":[{\"@type\":\"ReadAction\",\"target\":[\"https:\/\/chocconcept.com\/unternehmen\/engagement\/\"]}]},{\"@type\":\"BreadcrumbList\",\"@id\":\"https:\/\/chocconcept.com\/unternehmen\/engagement\/#breadcrumb\",\"itemListElement\":[{\"@type\":\"ListItem\",\"position\":1,\"name\":\"Startseite\",\"item\":\"https:\/\/chocconcept.com\/\"},{\"@type\":\"ListItem\",\"position\":2,\"name\":\"Unternehmen\",\"item\":\"https:\/\/chocconcept.com\/unternehmen\/\"},{\"@type\":\"ListItem\",\"position\":3,\"name\":\"Engagement\"}]},{\"@type\":\"WebSite\",\"@id\":\"https:\/\/chocconcept.com\/#website\",\"url\":\"https:\/\/chocconcept.com\/\",\"name\":\"ChocConcept S\u00fc\u00dfwarendecor\",\"description\":\"\",\"publisher\":{\"@id\":\"https:\/\/chocconcept.com\/#organization\"},\"potentialAction\":[{\"@type\":\"SearchAction\",\"target\":{\"@type\":\"EntryPoint\",\"urlTemplate\":\"https:\/\/chocconcept.com\/?s={search_term_string}\"},\"query-input\":{\"@type\":\"PropertyValueSpecification\",\"valueRequired\":true,\"valueName\":\"search_term_string\"}}],\"inLanguage\":\"en-GB\"},{\"@type\":\"Organization\",\"@id\":\"https:\/\/chocconcept.com\/#organization\",\"name\":\"ChocConcept-S\u00fc\u00dfwarendecor GmbH\",\"url\":\"https:\/\/chocconcept.com\/\",\"logo\":{\"@type\":\"ImageObject\",\"inLanguage\":\"en-GB\",\"@id\":\"https:\/\/chocconcept.com\/#\/schema\/logo\/image\/\",\"url\":\"https:\/\/chocconcept.com\/wp-content\/uploads\/2021\/10\/logo_150.png\",\"contentUrl\":\"https:\/\/chocconcept.com\/wp-content\/uploads\/2021\/10\/logo_150.png\",\"width\":150,\"height\":150,\"caption\":\"ChocConcept-S\u00fc\u00dfwarendecor GmbH\"},\"image\":{\"@id\":\"https:\/\/chocconcept.com\/#\/schema\/logo\/image\/\"}}]}<\/script>\n<!-- \/ Yoast SEO plugin. -->","yoast_head_json":{"title":"Engagement | ChocConcept S\u00fc\u00dfwarendecor","description":"Engagement: Wir achten die Menschen- und Arbeitsrechte. Unsere Gesch\u00e4ftspraktiken beruhen auf Integrit\u00e4t, Ehrlichkeit und fairem Verhalten.","robots":{"index":"index","follow":"follow","max-snippet":"max-snippet:-1","max-image-preview":"max-image-preview:large","max-video-preview":"max-video-preview:-1"},"canonical":"https:\/\/chocconcept.com\/en\/unternehmen\/engagement\/","og_locale":"en_GB","og_type":"article","og_title":"Engagement | ChocConcept S\u00fc\u00dfwarendecor","og_description":"Engagement: Wir achten die Menschen- und Arbeitsrechte. Unsere Gesch\u00e4ftspraktiken beruhen auf Integrit\u00e4t, Ehrlichkeit und fairem Verhalten.","og_url":"https:\/\/chocconcept.com\/en\/unternehmen\/engagement\/","og_site_name":"ChocConcept S\u00fc\u00dfwarendecor","article_modified_time":"2023-02-01T14:27:15+00:00","twitter_card":"summary_large_image","twitter_misc":{"Estimated reading time":"12 minutes"},"schema":{"@context":"https:\/\/schema.org","@graph":[{"@type":"WebPage","@id":"https:\/\/chocconcept.com\/unternehmen\/engagement\/","url":"https:\/\/chocconcept.com\/unternehmen\/engagement\/","name":"Engagement | ChocConcept S\u00fc\u00dfwarendecor","isPartOf":{"@id":"https:\/\/chocconcept.com\/#website"},"datePublished":"2021-11-14T16:29:45+00:00","dateModified":"2023-02-01T14:27:15+00:00","description":"Engagement: Wir achten die Menschen- und Arbeitsrechte. Unsere Gesch\u00e4ftspraktiken beruhen auf Integrit\u00e4t, Ehrlichkeit und fairem Verhalten.","breadcrumb":{"@id":"https:\/\/chocconcept.com\/unternehmen\/engagement\/#breadcrumb"},"inLanguage":"en-GB","potentialAction":[{"@type":"ReadAction","target":["https:\/\/chocconcept.com\/unternehmen\/engagement\/"]}]},{"@type":"BreadcrumbList","@id":"https:\/\/chocconcept.com\/unternehmen\/engagement\/#breadcrumb","itemListElement":[{"@type":"ListItem","position":1,"name":"Startseite","item":"https:\/\/chocconcept.com\/"},{"@type":"ListItem","position":2,"name":"Unternehmen","item":"https:\/\/chocconcept.com\/unternehmen\/"},{"@type":"ListItem","position":3,"name":"Engagement"}]},{"@type":"WebSite","@id":"https:\/\/chocconcept.com\/#website","url":"https:\/\/chocconcept.com\/","name":"ChocConcept SweetDecorations","description":"","publisher":{"@id":"https:\/\/chocconcept.com\/#organization"},"potentialAction":[{"@type":"SearchAction","target":{"@type":"EntryPoint","urlTemplate":"https:\/\/chocconcept.com\/?s={search_term_string}"},"query-input":{"@type":"PropertyValueSpecification","valueRequired":true,"valueName":"search_term_string"}}],"inLanguage":"en-GB"},{"@type":"Organization","@id":"https:\/\/chocconcept.com\/#organization","name":"ChocConcept-S\u00fc\u00dfwarendecor GmbH","url":"https:\/\/chocconcept.com\/","logo":{"@type":"ImageObject","inLanguage":"en-GB","@id":"https:\/\/chocconcept.com\/#\/schema\/logo\/image\/","url":"https:\/\/chocconcept.com\/wp-content\/uploads\/2021\/10\/logo_150.png","contentUrl":"https:\/\/chocconcept.com\/wp-content\/uploads\/2021\/10\/logo_150.png","width":150,"height":150,"caption":"ChocConcept-S\u00fc\u00dfwarendecor GmbH"},"image":{"@id":"https:\/\/chocconcept.com\/#\/schema\/logo\/image\/"}}]}},"_links":{"self":[{"href":"https:\/\/chocconcept.com\/en\/wp-json\/wp\/v2\/pages\/1524","targetHints":{"allow":["GET"]}}],"collection":[{"href":"https:\/\/chocconcept.com\/en\/wp-json\/wp\/v2\/pages"}],"about":[{"href":"https:\/\/chocconcept.com\/en\/wp-json\/wp\/v2\/types\/page"}],"author":[{"embeddable":true,"href":"https:\/\/chocconcept.com\/en\/wp-json\/wp\/v2\/users\/1"}],"replies":[{"embeddable":true,"href":"https:\/\/chocconcept.com\/en\/wp-json\/wp\/v2\/comments?post=1524"}],"version-history":[{"count":69,"href":"https:\/\/chocconcept.com\/en\/wp-json\/wp\/v2\/pages\/1524\/revisions"}],"predecessor-version":[{"id":3745,"href":"https:\/\/chocconcept.com\/en\/wp-json\/wp\/v2\/pages\/1524\/revisions\/3745"}],"up":[{"embeddable":true,"href":"https:\/\/chocconcept.com\/en\/wp-json\/wp\/v2\/pages\/1481"}],"wp:attachment":[{"href":"https:\/\/chocconcept.com\/en\/wp-json\/wp\/v2\/media?parent=1524"}],"curies":[{"name":"wp","href":"https:\/\/api.w.org\/{rel}","templated":true}]}}